{"id":108,"date":"2016-04-14T11:31:34","date_gmt":"2016-04-14T09:31:34","guid":{"rendered":"http:\/\/www.tuerpisch.de\/?page_id=108"},"modified":"2025-10-20T08:24:09","modified_gmt":"2025-10-20T06:24:09","slug":"kontakt-2","status":"publish","type":"page","link":"http:\/\/www.tuerpisch.de\/ru\/kontakt-2\/","title":{"rendered":"\u043a\u043e\u043d\u0442\u0430\u043a\u0442"},"content":{"rendered":"<p>[vc_row][vc_column width=&#8221;1\/3&#8243;][vc_empty_space][vc_empty_space][vc_column_text]<\/p>\n<div class=\"pagecontent_title\">\n<div class=\"pagecontent_title\">T\u00fcrpisch Landmaschinen<\/div>\n<div class=\"pagecontent_text\">\n<div class=\"contact_content\">\n<p>Christian T\u00fcrpisch<br \/>\nLandstra\u00dfe 3-4<br \/>\n06712 Kretzschau OT Salsitz<\/p>\n<p>Telefon: +49 (0) 179 7613435<br \/>\nE-Mail: <a href=\"mailto:info@tuerpisch.de\">info@tuerpisch.de<\/a><\/p>\n<\/div>\n<\/div>\n<\/div>\n<div class=\"pagecontent_text\">\n<div class=\"contact_content\"><\/div>\n<\/div>\n<p>[\/vc_column_text][\/vc_column][vc_column width=&#8221;2\/3&#8243;]\n<div class=\"wpcf7 no-js\" id=\"wpcf7-f168-o3\" lang=\"de-DE\" dir=\"ltr\">\n<div class=\"screen-reader-response\"><p role=\"status\" aria-live=\"polite\" aria-atomic=\"true\"><\/p> <ul><\/ul><\/div>\n<form action=\"\/ru\/wp-json\/wp\/v2\/pages\/108#wpcf7-f168-o3\" method=\"post\" class=\"wpcf7-form init\" aria-label=\"Kontaktformular\" novalidate=\"novalidate\" data-status=\"init\">\n<div style=\"display: none;\">\n<input type=\"hidden\" name=\"_wpcf7\" value=\"168\" \/>\n<input type=\"hidden\" name=\"_wpcf7_version\" value=\"5.7.6\" \/>\n<input type=\"hidden\" name=\"_wpcf7_locale\" value=\"de_DE\" \/>\n<input type=\"hidden\" name=\"_wpcf7_unit_tag\" value=\"wpcf7-f168-o3\" \/>\n<input type=\"hidden\" name=\"_wpcf7_container_post\" value=\"0\" \/>\n<input type=\"hidden\" name=\"_wpcf7_posted_data_hash\" value=\"\" \/>\n<\/div>\n<p>\u0438\u043c\u044f\n<\/p>\n<p><span class=\"wpcf7-form-control-wrap\" data-name=\"your-name\"><input size=\"40\" class=\"wpcf7-form-control wpcf7-text wpcf7-validates-as-required\" aria-required=\"true\" aria-invalid=\"false\" value=\"\" type=\"text\" name=\"your-name\" \/><\/span>\n<\/p>\n<p>\u0435-\u043c\u0435\u0439\u043b\n<\/p>\n<p><span class=\"wpcf7-form-control-wrap\" data-name=\"your-email\"><input size=\"40\" class=\"wpcf7-form-control wpcf7-text wpcf7-email wpcf7-validates-as-required wpcf7-validates-as-email\" aria-required=\"true\" aria-invalid=\"false\" value=\"\" type=\"email\" name=\"your-email\" \/><\/span>\n<\/p>\n<p>\u0447\u0442\u043e \u043a\u0430\u0441\u0430\u0435\u0442\u0441\u044f\n<\/p>\n<p><span class=\"wpcf7-form-control-wrap\" data-name=\"your-subject\"><input size=\"40\" class=\"wpcf7-form-control wpcf7-text wpcf7-validates-as-required\" aria-required=\"true\" aria-invalid=\"false\" value=\"\" type=\"text\" name=\"your-subject\" \/><\/span>\n<\/p>\n<p>\u0441\u043e\u043e\u0431\u0449\u0435\u043d\u0438\u0435\n<\/p>\n<p><span class=\"wpcf7-form-control-wrap\" data-name=\"your-message\"><textarea cols=\"40\" rows=\"10\" class=\"wpcf7-form-control wpcf7-textarea\" aria-invalid=\"false\" name=\"your-message\"><\/textarea><\/span>\n<\/p>\n<p><span class=\"wpcf7-form-control-wrap\" data-name=\"acceptance-163\"><span class=\"wpcf7-form-control wpcf7-acceptance\"><span class=\"wpcf7-list-item\"><label><input type=\"checkbox\" name=\"acceptance-163\" value=\"1\" aria-invalid=\"false\" \/><span class=\"wpcf7-list-item-label\">Mit der Nutzung dieses Formulars erkl\u00e4rst du dich mit der Speicherung und Verarbeitung deiner Daten durch diese Website einverstanden.<\/span><\/label><\/span><\/span><\/span>\n<\/p>\n<p><input class=\"wpcf7-form-control has-spinner wpcf7-submit\" type=\"submit\" value=\"\u043f\u043e\u0441\u043b\u0430\u0442\u044c\" \/>\n<\/p><div class=\"wpcf7-response-output\" aria-hidden=\"true\"><\/div>\n<\/form>\n<\/div>\n[\/vc_column][\/vc_row][vc_row][vc_column][vc_empty_space]<div id='wrap_map_69f5c14cd9bb9' class='ultimate-map-wrapper ult-adjust-bottom-margin ' style=' height:300px;'><div id='map_69f5c14cd9bb9' data-map_override='ex-full' class='ultimate_google_map wpb_content_element page_margin_top' style='width:100%;height:300px;'><\/div><\/div><script type='text\/javascript'>\r\n\t\t\t(function($) {\r\n  \t\t\t'use strict';\r\n\t\t\tvar map_map_69f5c14cd9bb9 = null;\r\n\t\t\tvar coordinate_map_69f5c14cd9bb9;\r\n\t\t\tvar isDraggable = $(document).width() > 641 ? true : true;\r\n\t\t\ttry\r\n\t\t\t{\r\n\t\t\t\tvar map_map_69f5c14cd9bb9 = null;\r\n\t\t\t\tvar coordinate_map_69f5c14cd9bb9;\r\n\t\t\t\tcoordinate_map_69f5c14cd9bb9=new google.maps.LatLng(51.04198, 12.09247);\r\n\t\t\t\tvar mapOptions=\r\n\t\t\t\t{\r\n\t\t\t\t\tzoom: 12,\r\n\t\t\t\t\tcenter: coordinate_map_69f5c14cd9bb9,\r\n\t\t\t\t\tscaleControl: true,\r\n\t\t\t\t\tstreetViewControl: false,\r\n\t\t\t\t\tmapTypeControl: false,\r\n\t\t\t\t\tpanControl: false,\r\n\t\t\t\t\tzoomControl: false,\r\n\t\t\t\t\tscrollwheel: true,\r\n\t\t\t\t\tdraggable: isDraggable,\r\n\t\t\t\t\tzoomControlOptions: {\r\n\t\t\t\t\t\tposition: google.maps.ControlPosition.RIGHT_BOTTOM\r\n\t\t\t\t\t},mapTypeId: google.maps.MapTypeId.ROADMAP,};var map_map_69f5c14cd9bb9 = new google.maps.Map(document.getElementById('map_69f5c14cd9bb9'),mapOptions);\r\n\t\t\t\t\t\tvar x = 'infowindow_open_value';\r\n\t\t\t\t\t\tvar marker_map_69f5c14cd9bb9 = new google.maps.Marker({\r\n\t\t\t\t\t\tposition: new google.maps.LatLng(51.04198, 12.09247),\r\n\t\t\t\t\t\tanimation:  google.maps.Animation.DROP,\r\n\t\t\t\t\t\tmap: map_map_69f5c14cd9bb9,\r\n\t\t\t\t\t\ticon: ''\r\n\t\t\t\t\t});\tgoogle.maps.event.addListener(marker_map_69f5c14cd9bb9, 'click', toggleBounce);}\r\n\t\t\tcatch(e){};\r\n\t\t\tjQuery(document).ready(function($){\r\n\t\t\t\tgoogle.maps.event.trigger(map_map_69f5c14cd9bb9, 'resize');\r\n\t\t\t\t$(window).resize(function(){\r\n\t\t\t\t\tgoogle.maps.event.trigger(map_map_69f5c14cd9bb9, 'resize');\r\n\t\t\t\t\tif(map_map_69f5c14cd9bb9!=null)\r\n\t\t\t\t\t\tmap_map_69f5c14cd9bb9.setCenter(coordinate_map_69f5c14cd9bb9);\r\n\t\t\t\t});\r\n\t\t\t\t$('.ui-tabs').bind('tabsactivate', function(event, ui) {\r\n\t\t\t\t   if($(this).find('.ultimate-map-wrapper').length > 0)\r\n\t\t\t\t\t{\r\n\t\t\t\t\t\tsetTimeout(function(){\r\n\t\t\t\t\t\t\t$(window).trigger('resize');\r\n\t\t\t\t\t\t},200);\r\n\t\t\t\t\t}\r\n\t\t\t\t});\r\n\t\t\t\t$('.ui-accordion').bind('accordionactivate', function(event, ui) {\r\n\t\t\t\t   if($(this).find('.ultimate-map-wrapper').length > 0)\r\n\t\t\t\t\t{\r\n\t\t\t\t\t\tsetTimeout(function(){\r\n\t\t\t\t\t\t\t$(window).trigger('resize');\r\n\t\t\t\t\t\t},200);\r\n\t\t\t\t\t}\r\n\t\t\t\t});\r\n\t\t\t\t$(window).load(function(){\r\n\t\t\t\t\tsetTimeout(function(){\r\n\t\t\t\t\t\t$(window).trigger('resize');\r\n\t\t\t\t\t},200);\r\n\t\t\t\t});\r\n\t\t\t\t$('.ult_exp_section').select(function(){\r\n\t\t\t\t\tif($(map_map_69f5c14cd9bb9).parents('.ult_exp_section'))\r\n\t\t\t\t\t{\r\n\t\t\t\t\t\tsetTimeout(function(){\r\n\t\t\t\t\t\t\t$(window).trigger('resize');\r\n\t\t\t\t\t\t},200);\r\n\t\t\t\t\t}\r\n\t\t\t\t});\r\n\t\t\t\t$(document).on('onUVCModalPopupOpen', function(){\r\n\t\t\t\t\tif($(map_map_69f5c14cd9bb9).parents('.ult_modal-content'))\r\n\t\t\t\t\t{\r\n\t\t\t\t\t\tsetTimeout(function(){\r\n\t\t\t\t\t\t\t$(window).trigger('resize');\r\n\t\t\t\t\t\t},200);\r\n\t\t\t\t\t}\r\n\t\t\t\t});\r\n\t\t\t\t$(document).on('click','.ult_tab_li',function(){\r\n\t\t\t\t\t$(window).trigger('resize');\r\n\t\t\t\t\tsetTimeout(function(){\r\n\t\t\t\t\t\t$(window).trigger('resize');\r\n\t\t\t\t\t},200);\r\n\t\t\t\t});\r\n\t\t\t});\r\n\t\t\tfunction toggleBounce() {\r\n\t\t\t  if (marker_map_69f5c14cd9bb9.getAnimation() != null) {\r\n\t\t\t\tmarker_map_69f5c14cd9bb9.setAnimation(null);\r\n\t\t\t  } else {\r\n\t\t\t\tmarker_map_69f5c14cd9bb9.setAnimation(google.maps.Animation.BOUNCE);\r\n\t\t\t  }\r\n\t\t\t}\r\n\t\t\t})(jQuery);\r\n\t\t\t<\/script>[\/vc_column][\/vc_row]<\/p>","protected":false},"excerpt":{"rendered":"<p>[vc_row][vc_column width=&#8221;1\/3&#8243;][vc_empty_space][vc_empty_space][vc_column_text] T\u00fcrpisch Landmaschinen Christian T\u00fcrpisch Landstra\u00dfe 3-4 06712 Kretzschau OT Salsitz Telefon: +49 (0) 179 7613435 E-Mail: info@tuerpisch.de [\/vc_column_text][\/vc_column][vc_column width=&#8221;2\/3&#8243;][\/vc_column][\/vc_row][vc_row][vc_column][vc_empty_space][\/vc_column][\/vc_row]<\/p>\n","protected":false},"author":1,"featured_media":223,"parent":0,"menu_order":0,"comment_status":"closed","ping_status":"closed","template":"sub-page-template.php","meta":[],"_links":{"self":[{"href":"http:\/\/www.tuerpisch.de\/ru\/wp-json\/wp\/v2\/pages\/108"}],"collection":[{"href":"http:\/\/www.tuerpisch.de\/ru\/wp-json\/wp\/v2\/pages"}],"about":[{"href":"http:\/\/www.tuerpisch.de\/ru\/wp-json\/wp\/v2\/types\/page"}],"author":[{"embeddable":true,"href":"http:\/\/www.tuerpisch.de\/ru\/wp-json\/wp\/v2\/users\/1"}],"replies":[{"embeddable":true,"href":"http:\/\/www.tuerpisch.de\/ru\/wp-json\/wp\/v2\/comments?post=108"}],"version-history":[{"count":5,"href":"http:\/\/www.tuerpisch.de\/ru\/wp-json\/wp\/v2\/pages\/108\/revisions"}],"predecessor-version":[{"id":541,"href":"http:\/\/www.tuerpisch.de\/ru\/wp-json\/wp\/v2\/pages\/108\/revisions\/541"}],"wp:featuredmedia":[{"embeddable":true,"href":"http:\/\/www.tuerpisch.de\/ru\/wp-json\/wp\/v2\/media\/223"}],"wp:attachment":[{"href":"http:\/\/www.tuerpisch.de\/ru\/wp-json\/wp\/v2\/media?parent=108"}],"curies":[{"name":"wp","href":"https:\/\/api.w.org\/{rel}","templated":true}]}}